{"id":13,"date":"2016-09-27T13:22:08","date_gmt":"2016-09-27T13:22:08","guid":{"rendered":"http:\/\/patched-voices.de\/?page_id=13"},"modified":"2025-11-26T19:19:12","modified_gmt":"2025-11-26T19:19:12","slug":"aktuelles","status":"publish","type":"page","link":"https:\/\/patched-voices.de\/?page_id=13","title":{"rendered":"MITMACHEN"},"content":{"rendered":"<h1><img loading=\"lazy\" decoding=\"async\" class=\"alignnone size-large wp-image-1009\" src=\"https:\/\/patched-voices.de\/wp-content\/uploads\/2025\/11\/Collage-607x1024.png\" alt=\"\" width=\"607\" height=\"1024\" srcset=\"https:\/\/patched-voices.de\/wp-content\/uploads\/2025\/11\/Collage-607x1024.png 607w, https:\/\/patched-voices.de\/wp-content\/uploads\/2025\/11\/Collage-178x300.png 178w, https:\/\/patched-voices.de\/wp-content\/uploads\/2025\/11\/Collage-768x1296.png 768w, https:\/\/patched-voices.de\/wp-content\/uploads\/2025\/11\/Collage-910x1536.png 910w, https:\/\/patched-voices.de\/wp-content\/uploads\/2025\/11\/Collage.png 1128w\" sizes=\"auto, (max-width: 607px) 100vw, 607px\" \/><\/h1>\n<p>Du \u2026<\/p>\n<ul>\n<li>singst gerne in Gemeinschaft und willst<br \/>\ndich nicht festlegen, ob lieber<br \/>\nPop, Gospel, Klassik, Jazz oder \u2026?<\/li>\n<li>f\u00fchlst dich sicher beim mehrstimmigen<br \/>\nChorgesang und bist bereit,<br \/>\nregelm\u00e4\u00dfig in die Proben zu kommen?<\/li>\n<li>nimmst die Herausforderung an, mit den Aufnahmen zu Hause zu \u00fcben und die<br \/>\nLieder f\u00fcr die Auftritte auswendig zu lernen.<\/li>\n<\/ul>\n<p>&nbsp;<\/p>\n<p>Dann bist du genau richtig in unserem Frauenchor\u00a0\u00a0<strong>PATCHED VOICES\u00a0 e.V.<\/strong>!<\/p>\n<p>Leider machen haben wir gerade eine kleine Pause eingelegt, Personen zu erm\u00f6glichen mal in die Chorprobe zu schnuppern, weil wir uns derzeit auf unser gro\u00dfes Konzert am 8. M\u00e4rz 2026 vorbereiten. Gerne kannst du dich danach bei Interesse bei uns melden, wenn du vorbeikommen m\u00f6chtest (E-Mail an: <a href=\"mailto:info@patched-voices.de\">info@patched-voices.de<\/a>).<\/p>\n<p>&nbsp;<\/p>\n<h4 class=\"widget-title\">Probenraum<\/h4>\n<p class=\"widget-title\">Unsere Proben sind<br \/>\nmontags von 19 bis 21.15 Uhr<br \/>\nin der Windm\u00fchlenschule in Mainz,<br \/>\nGeneraloberst-Beck-Stra\u00dfe<\/p>\n","protected":false},"excerpt":{"rendered":"<p>Du \u2026 singst gerne in Gemeinschaft und willst dich nicht festlegen, ob lieber Pop, Gospel, Klassik, Jazz oder \u2026? f\u00fchlst dich sicher beim mehrstimmigen Chorgesang und bist bereit, regelm\u00e4\u00dfig in die Proben zu kommen? nimmst die Herausforderung an, mit den Aufnahmen zu Hause zu \u00fcben und die Lieder f\u00fcr die Auftritte auswendig zu lernen. &nbsp; <a class=\"more-link\" href=\"https:\/\/patched-voices.de\/?page_id=13\">weiterlesen&#8230;<\/a><\/p>\n","protected":false},"author":2,"featured_media":0,"parent":0,"menu_order":0,"comment_status":"closed","ping_status":"closed","template":"","meta":{"footnotes":""},"class_list":["post-13","page","type-page","status-publish","hentry"],"_links":{"self":[{"href":"https:\/\/patched-voices.de\/index.php?rest_route=\/wp\/v2\/pages\/13","targetHints":{"allow":["GET"]}}],"collection":[{"href":"https:\/\/patched-voices.de\/index.php?rest_route=\/wp\/v2\/pages"}],"about":[{"href":"https:\/\/patched-voices.de\/index.php?rest_route=\/wp\/v2\/types\/page"}],"author":[{"embeddable":true,"href":"https:\/\/patched-voices.de\/index.php?rest_route=\/wp\/v2\/users\/2"}],"replies":[{"embeddable":true,"href":"https:\/\/patched-voices.de\/index.php?rest_route=%2Fwp%2Fv2%2Fcomments&post=13"}],"version-history":[{"count":49,"href":"https:\/\/patched-voices.de\/index.php?rest_route=\/wp\/v2\/pages\/13\/revisions"}],"predecessor-version":[{"id":1010,"href":"https:\/\/patched-voices.de\/index.php?rest_route=\/wp\/v2\/pages\/13\/revisions\/1010"}],"wp:attachment":[{"href":"https:\/\/patched-voices.de\/index.php?rest_route=%2Fwp%2Fv2%2Fmedia&parent=13"}],"curies":[{"name":"wp","href":"https:\/\/api.w.org\/{rel}","templated":true}]}}